{"id":2091,"date":"2025-03-24T14:14:21","date_gmt":"2025-03-24T13:14:21","guid":{"rendered":"https:\/\/testingweb.biz\/carati\/producto\/punera-oa-milenio-o-0-60\/"},"modified":"2025-04-10T04:20:11","modified_gmt":"2025-04-10T02:20:11","slug":"punera-oa-milenio-o-0-60","status":"publish","type":"product","link":"https:\/\/testingweb.biz\/carati\/producto\/punera-oa-milenio-o-0-60\/","title":{"rendered":"PU\u00d1ERA MIRIAM"},"content":{"rendered":"<p>PU\u00d1ERA OA MILENIO \u00d8 0.60<\/p>\n","protected":false},"excerpt":{"rendered":"<p>PU\u00d1ERA DE ORO<\/p>\n","protected":false},"featured_media":2722,"comment_status":"closed","ping_status":"closed","template":"","meta":{"_acf_changed":false},"product_brand":[],"product_cat":[44],"product_tag":[],"class_list":{"0":"post-2091","1":"product","2":"type-product","3":"status-publish","4":"has-post-thumbnail","6":"product_cat-bridal","8":"first","9":"instock","10":"shipping-taxable","11":"purchasable","12":"product-type-simple","13":"add-to-wishlist-before_image"},"acf":[],"_links":{"self":[{"href":"https:\/\/testingweb.biz\/carati\/wp-json\/wp\/v2\/product\/2091","targetHints":{"allow":["GET"]}}],"collection":[{"href":"https:\/\/testingweb.biz\/carati\/wp-json\/wp\/v2\/product"}],"about":[{"href":"https:\/\/testingweb.biz\/carati\/wp-json\/wp\/v2\/types\/product"}],"replies":[{"embeddable":true,"href":"https:\/\/testingweb.biz\/carati\/wp-json\/wp\/v2\/comments?post=2091"}],"wp:featuredmedia":[{"embeddable":true,"href":"https:\/\/testingweb.biz\/carati\/wp-json\/wp\/v2\/media\/2722"}],"wp:attachment":[{"href":"https:\/\/testingweb.biz\/carati\/wp-json\/wp\/v2\/media?parent=2091"}],"wp:term":[{"taxonomy":"product_brand","embeddable":true,"href":"https:\/\/testingweb.biz\/carati\/wp-json\/wp\/v2\/product_brand?post=2091"},{"taxonomy":"product_cat","embeddable":true,"href":"https:\/\/testingweb.biz\/carati\/wp-json\/wp\/v2\/product_cat?post=2091"},{"taxonomy":"product_tag","embeddable":true,"href":"https:\/\/testingweb.biz\/carati\/wp-json\/wp\/v2\/product_tag?post=2091"}],"curies":[{"name":"wp","href":"https:\/\/api.w.org\/{rel}","templated":true}]}}