{"id":1990,"date":"2025-03-24T14:14:13","date_gmt":"2025-03-24T13:14:13","guid":{"rendered":"https:\/\/testingweb.biz\/carati\/producto\/punera-oa-o1-457\/"},"modified":"2025-04-10T04:20:14","modified_gmt":"2025-04-10T02:20:14","slug":"punera-oa-o1-457","status":"publish","type":"product","link":"https:\/\/testingweb.biz\/carati\/producto\/punera-oa-o1-457\/","title":{"rendered":"PU\u00d1ERA SAHARA"},"content":{"rendered":"<p>PU\u00d1ERA OA \u00d81.457<\/p>\n","protected":false},"excerpt":{"rendered":"<p>PU\u00d1ERA DE ORO<\/p>\n","protected":false},"featured_media":2723,"comment_status":"closed","ping_status":"closed","template":"","meta":{"_acf_changed":false},"product_brand":[],"product_cat":[44],"product_tag":[],"class_list":{"0":"post-1990","1":"product","2":"type-product","3":"status-publish","4":"has-post-thumbnail","6":"product_cat-bridal","8":"first","9":"instock","10":"shipping-taxable","11":"purchasable","12":"product-type-simple","13":"add-to-wishlist-before_image"},"acf":[],"_links":{"self":[{"href":"https:\/\/testingweb.biz\/carati\/wp-json\/wp\/v2\/product\/1990","targetHints":{"allow":["GET"]}}],"collection":[{"href":"https:\/\/testingweb.biz\/carati\/wp-json\/wp\/v2\/product"}],"about":[{"href":"https:\/\/testingweb.biz\/carati\/wp-json\/wp\/v2\/types\/product"}],"replies":[{"embeddable":true,"href":"https:\/\/testingweb.biz\/carati\/wp-json\/wp\/v2\/comments?post=1990"}],"wp:featuredmedia":[{"embeddable":true,"href":"https:\/\/testingweb.biz\/carati\/wp-json\/wp\/v2\/media\/2723"}],"wp:attachment":[{"href":"https:\/\/testingweb.biz\/carati\/wp-json\/wp\/v2\/media?parent=1990"}],"wp:term":[{"taxonomy":"product_brand","embeddable":true,"href":"https:\/\/testingweb.biz\/carati\/wp-json\/wp\/v2\/product_brand?post=1990"},{"taxonomy":"product_cat","embeddable":true,"href":"https:\/\/testingweb.biz\/carati\/wp-json\/wp\/v2\/product_cat?post=1990"},{"taxonomy":"product_tag","embeddable":true,"href":"https:\/\/testingweb.biz\/carati\/wp-json\/wp\/v2\/product_tag?post=1990"}],"curies":[{"name":"wp","href":"https:\/\/api.w.org\/{rel}","templated":true}]}}