{"id":861,"date":"2024-11-27T16:19:00","date_gmt":"2024-11-27T15:19:00","guid":{"rendered":"https:\/\/testingweb.biz\/carati\/?page_id=861"},"modified":"2025-05-21T03:58:44","modified_gmt":"2025-05-21T01:58:44","slug":"garantia-de-joyas","status":"publish","type":"page","link":"https:\/\/testingweb.biz\/carati\/garantia-de-joyas\/","title":{"rendered":"Garant\u00eda de joyas"},"content":{"rendered":"\t\t<div data-elementor-type=\"wp-page\" data-elementor-id=\"861\" class=\"elementor elementor-861\" data-elementor-post-type=\"page\">\n\t\t\t\t\t\t<section class=\"elementor-section elementor-top-section elementor-element elementor-element-1ead1e4 elementor-section-boxed elementor-section-height-default elementor-section-height-default\" data-id=\"1ead1e4\" data-element_type=\"section\">\n\t\t\t\t\t\t<div class=\"elementor-container elementor-column-gap-default\">\n\t\t\t\t\t<div class=\"elementor-column elementor-col-100 elementor-top-column elementor-element elementor-element-3289cd6\" data-id=\"3289cd6\" data-element_type=\"column\">\n\t\t\t<div class=\"elementor-widget-wrap elementor-element-populated\">\n\t\t\t\t\t\t<div class=\"elementor-element elementor-element-9161ab7 elementor-widget elementor-widget-heading\" data-id=\"9161ab7\" data-element_type=\"widget\" data-widget_type=\"heading.default\">\n\t\t\t\t\t<h2 class=\"elementor-heading-title elementor-size-default\">GARANT\u00cdA DE \nJOYAS<\/h2>\t\t\t\t<\/div>\n\t\t\t\t<div class=\"elementor-element elementor-element-532dcfe elementor-widget elementor-widget-heading\" data-id=\"532dcfe\" data-element_type=\"widget\" data-widget_type=\"heading.default\">\n\t\t\t\t\t<h2 class=\"elementor-heading-title elementor-size-default\">POL\u00cdTICA DE GARANT\u00cdA PARA \nJOYAS DE ORO DE 18 QUILATES\n<\/h2>\t\t\t\t<\/div>\n\t\t\t\t<div class=\"elementor-element elementor-element-5e94e83 elementor-widget elementor-widget-heading\" data-id=\"5e94e83\" data-element_type=\"widget\" data-widget_type=\"heading.default\">\n\t\t\t\t\t<h2 class=\"elementor-heading-title elementor-size-default\">Carati garantiza la calidad y autenticidad de las joyas de oro \nde 18 quilates que vendemos en nuestras tiendas f\u00edsicas y en \nnuestro sitio web. Esta garant\u00eda cubre los siguientes aspectos:\n<\/h2>\t\t\t\t<\/div>\n\t\t\t\t\t<\/div>\n\t\t<\/div>\n\t\t\t\t\t<\/div>\n\t\t<\/section>\n\t\t\t\t<section class=\"elementor-section elementor-top-section elementor-element elementor-element-1df6071 elementor-section-full_width elementor-section-stretched elementor-section-height-default elementor-section-height-default\" data-id=\"1df6071\" data-element_type=\"section\" data-settings=\"{&quot;stretch_section&quot;:&quot;section-stretched&quot;}\">\n\t\t\t\t\t\t<div class=\"elementor-container elementor-column-gap-default\">\n\t\t\t\t\t<div class=\"elementor-column elementor-col-100 elementor-top-column elementor-element elementor-element-7bbcb08\" data-id=\"7bbcb08\" data-element_type=\"column\">\n\t\t\t<div class=\"elementor-widget-wrap elementor-element-populated\">\n\t\t\t\t\t\t<section class=\"elementor-section elementor-inner-section elementor-element elementor-element-1455c22 elementor-section-full_width elementor-section-content-middle elementor-section-height-default elementor-section-height-default\" data-id=\"1455c22\" data-element_type=\"section\">\n\t\t\t\t\t\t<div class=\"elementor-container elementor-column-gap-default\">\n\t\t\t\t\t<div class=\"elementor-column elementor-col-50 elementor-inner-column elementor-element elementor-element-a2ff056\" data-id=\"a2ff056\" data-element_type=\"column\">\n\t\t\t<div class=\"elementor-widget-wrap elementor-element-populated\">\n\t\t\t\t\t\t<div class=\"elementor-element elementor-element-264cd06 elementor-widget elementor-widget-image\" data-id=\"264cd06\" data-element_type=\"widget\" data-widget_type=\"image.default\">\n\t\t\t\t\t\t\t\t\t\t\t\t\t\t\t<img fetchpriority=\"high\" decoding=\"async\" width=\"2480\" height=\"1200\" src=\"https:\/\/testingweb.biz\/carati\/wp-content\/uploads\/2025\/05\/collares-carati.jpg\" class=\"attachment-full size-full wp-image-2886\" alt=\"\" srcset=\"https:\/\/testingweb.biz\/carati\/wp-content\/uploads\/2025\/05\/collares-carati.jpg 2480w, https:\/\/testingweb.biz\/carati\/wp-content\/uploads\/2025\/05\/collares-carati-300x145.jpg 300w, https:\/\/testingweb.biz\/carati\/wp-content\/uploads\/2025\/05\/collares-carati-1024x495.jpg 1024w, https:\/\/testingweb.biz\/carati\/wp-content\/uploads\/2025\/05\/collares-carati-768x372.jpg 768w, https:\/\/testingweb.biz\/carati\/wp-content\/uploads\/2025\/05\/collares-carati-1536x743.jpg 1536w, https:\/\/testingweb.biz\/carati\/wp-content\/uploads\/2025\/05\/collares-carati-2048x991.jpg 2048w, https:\/\/testingweb.biz\/carati\/wp-content\/uploads\/2025\/05\/collares-carati-600x290.jpg 600w\" sizes=\"(max-width: 2480px) 100vw, 2480px\" \/>\t\t\t\t\t\t\t\t\t\t\t\t\t\t\t<\/div>\n\t\t\t\t\t<\/div>\n\t\t<\/div>\n\t\t\t\t<div class=\"elementor-column elementor-col-50 elementor-inner-column elementor-element elementor-element-d7cf978\" data-id=\"d7cf978\" data-element_type=\"column\">\n\t\t\t<div class=\"elementor-widget-wrap elementor-element-populated\">\n\t\t\t\t\t\t<div class=\"elementor-element elementor-element-43d213a elementor-widget elementor-widget-heading\" data-id=\"43d213a\" data-element_type=\"widget\" data-widget_type=\"heading.default\">\n\t\t\t\t\t<h2 class=\"elementor-heading-title elementor-size-default\">AUTENTICIDAD DEL ORO<\/h2>\t\t\t\t<\/div>\n\t\t\t\t<div class=\"elementor-element elementor-element-c42b684 elementor-widget elementor-widget-heading\" data-id=\"c42b684\" data-element_type=\"widget\" data-widget_type=\"heading.default\">\n\t\t\t\t\t<h2 class=\"elementor-heading-title elementor-size-default\">Todas nuestras joyas de oro de 18 quilates est\u00e1n elaboradas con oro de la m\u00e1s alta calidad, certificado por instituciones reconocidas.exclamation Cada pieza lleva un sello de ley que indica la pureza del oro (18K).\n<\/h2>\t\t\t\t<\/div>\n\t\t\t\t\t<\/div>\n\t\t<\/div>\n\t\t\t\t\t<\/div>\n\t\t<\/section>\n\t\t\t\t<section class=\"elementor-section elementor-inner-section elementor-element elementor-element-30b4645 elementor-section-full_width elementor-section-content-middle elementor-section-height-default elementor-section-height-default\" data-id=\"30b4645\" data-element_type=\"section\">\n\t\t\t\t\t\t<div class=\"elementor-container elementor-column-gap-default\">\n\t\t\t\t\t<div class=\"elementor-column elementor-col-50 elementor-inner-column elementor-element elementor-element-c3575a0\" data-id=\"c3575a0\" data-element_type=\"column\">\n\t\t\t<div class=\"elementor-widget-wrap elementor-element-populated\">\n\t\t\t\t\t\t<div class=\"elementor-element elementor-element-4642796 elementor-widget elementor-widget-image\" data-id=\"4642796\" data-element_type=\"widget\" data-widget_type=\"image.default\">\n\t\t\t\t\t\t\t\t\t\t\t\t\t\t\t<img decoding=\"async\" width=\"2480\" height=\"1200\" src=\"https:\/\/testingweb.biz\/carati\/wp-content\/uploads\/2025\/05\/anillos-eternidad-carati.jpg\" class=\"attachment-full size-full wp-image-2940\" alt=\"\" srcset=\"https:\/\/testingweb.biz\/carati\/wp-content\/uploads\/2025\/05\/anillos-eternidad-carati.jpg 2480w, https:\/\/testingweb.biz\/carati\/wp-content\/uploads\/2025\/05\/anillos-eternidad-carati-300x145.jpg 300w, https:\/\/testingweb.biz\/carati\/wp-content\/uploads\/2025\/05\/anillos-eternidad-carati-1024x495.jpg 1024w, https:\/\/testingweb.biz\/carati\/wp-content\/uploads\/2025\/05\/anillos-eternidad-carati-768x372.jpg 768w, https:\/\/testingweb.biz\/carati\/wp-content\/uploads\/2025\/05\/anillos-eternidad-carati-1536x743.jpg 1536w, https:\/\/testingweb.biz\/carati\/wp-content\/uploads\/2025\/05\/anillos-eternidad-carati-2048x991.jpg 2048w, https:\/\/testingweb.biz\/carati\/wp-content\/uploads\/2025\/05\/anillos-eternidad-carati-600x290.jpg 600w\" sizes=\"(max-width: 2480px) 100vw, 2480px\" \/>\t\t\t\t\t\t\t\t\t\t\t\t\t\t\t<\/div>\n\t\t\t\t\t<\/div>\n\t\t<\/div>\n\t\t\t\t<div class=\"elementor-column elementor-col-50 elementor-inner-column elementor-element elementor-element-dece20b\" data-id=\"dece20b\" data-element_type=\"column\">\n\t\t\t<div class=\"elementor-widget-wrap elementor-element-populated\">\n\t\t\t\t\t\t<div class=\"elementor-element elementor-element-33d9855 elementor-widget elementor-widget-heading\" data-id=\"33d9855\" data-element_type=\"widget\" data-widget_type=\"heading.default\">\n\t\t\t\t\t<h2 class=\"elementor-heading-title elementor-size-default\">EL AMOR INSPIRA NUESTRO TRABAJO<\/h2>\t\t\t\t<\/div>\n\t\t\t\t<div class=\"elementor-element elementor-element-09aa03f elementor-widget elementor-widget-heading\" data-id=\"09aa03f\" data-element_type=\"widget\" data-widget_type=\"heading.default\">\n\t\t\t\t\t<h2 class=\"elementor-heading-title elementor-size-default\">Somos parte de maravillosas historias de amor. Acompa\u00f1amos a innumerables parejas, en los momentos m\u00e1s especiales de sus vidas: Desde la pedida de mano hasta el d\u00eda de la boda.<\/h2>\t\t\t\t<\/div>\n\t\t\t\t\t<\/div>\n\t\t<\/div>\n\t\t\t\t\t<\/div>\n\t\t<\/section>\n\t\t\t\t\t<\/div>\n\t\t<\/div>\n\t\t\t\t\t<\/div>\n\t\t<\/section>\n\t\t\t\t<section class=\"elementor-section elementor-top-section elementor-element elementor-element-dd97ff7 elementor-section-boxed elementor-section-height-default elementor-section-height-default\" data-id=\"dd97ff7\" data-element_type=\"section\">\n\t\t\t\t\t\t<div class=\"elementor-container elementor-column-gap-default\">\n\t\t\t\t\t<div class=\"elementor-column elementor-col-100 elementor-top-column elementor-element elementor-element-be5e433\" data-id=\"be5e433\" data-element_type=\"column\">\n\t\t\t<div class=\"elementor-widget-wrap elementor-element-populated\">\n\t\t\t\t\t\t<div class=\"elementor-element elementor-element-a2a86b8 elementor-widget elementor-widget-heading\" data-id=\"a2a86b8\" data-element_type=\"widget\" data-widget_type=\"heading.default\">\n\t\t\t\t\t<h2 class=\"elementor-heading-title elementor-size-default\">CONDICIONES DE LA GARANT\u00cdA<\/h2>\t\t\t\t<\/div>\n\t\t\t\t\t<\/div>\n\t\t<\/div>\n\t\t\t\t\t<\/div>\n\t\t<\/section>\n\t\t\t\t<section class=\"elementor-section elementor-top-section elementor-element elementor-element-d14c7d7 elementor-section-full_width elementor-section-stretched elementor-section-height-default elementor-section-height-default\" data-id=\"d14c7d7\" data-element_type=\"section\" data-settings=\"{&quot;stretch_section&quot;:&quot;section-stretched&quot;}\">\n\t\t\t\t\t\t<div class=\"elementor-container elementor-column-gap-default\">\n\t\t\t\t\t<div class=\"elementor-column elementor-col-100 elementor-top-column elementor-element elementor-element-7f609ea\" data-id=\"7f609ea\" data-element_type=\"column\">\n\t\t\t<div class=\"elementor-widget-wrap elementor-element-populated\">\n\t\t\t\t\t\t<div class=\"elementor-element elementor-element-4b6755c elementor-hidden-mobile elementor--h-position-center elementor--v-position-middle elementor-widget elementor-widget-slides\" data-id=\"4b6755c\" data-element_type=\"widget\" data-settings=\"{&quot;navigation&quot;:&quot;none&quot;,&quot;transition&quot;:&quot;slide&quot;,&quot;transition_speed&quot;:500}\" data-widget_type=\"slides.default\">\n\t\t\t\t\t\t\t\t\t\t<div class=\"elementor-slides-wrapper elementor-main-swiper swiper\" role=\"region\" aria-roledescription=\"carousel\" aria-label=\"Slides\" dir=\"ltr\" data-animation=\"fadeInUp\">\n\t\t\t\t<div class=\"swiper-wrapper elementor-slides\">\n\t\t\t\t\t\t\t\t\t\t<div class=\"elementor-repeater-item-a54cd5b swiper-slide\" role=\"group\" aria-roledescription=\"slide\"><div class=\"swiper-slide-bg\" role=\"img\"><\/div><div class=\"swiper-slide-inner\" ><div class=\"swiper-slide-contents\"><\/div><\/div><\/div>\t\t\t\t<\/div>\n\t\t\t\t\t\t\t<\/div>\n\t\t\t\t\t\t\t\t<\/div>\n\t\t\t\t<div class=\"elementor-element elementor-element-cb09bbf elementor-hidden-desktop elementor-hidden-tablet elementor--h-position-center elementor--v-position-middle elementor-widget elementor-widget-slides\" data-id=\"cb09bbf\" data-element_type=\"widget\" data-settings=\"{&quot;navigation&quot;:&quot;none&quot;,&quot;transition&quot;:&quot;slide&quot;,&quot;transition_speed&quot;:500}\" data-widget_type=\"slides.default\">\n\t\t\t\t\t\t\t\t\t\t<div class=\"elementor-slides-wrapper elementor-main-swiper swiper\" role=\"region\" aria-roledescription=\"carousel\" aria-label=\"Slides\" dir=\"ltr\" data-animation=\"fadeInUp\">\n\t\t\t\t<div class=\"swiper-wrapper elementor-slides\">\n\t\t\t\t\t\t\t\t\t\t<div class=\"elementor-repeater-item-7a0b40c swiper-slide\" role=\"group\" aria-roledescription=\"slide\"><div class=\"swiper-slide-bg\" role=\"img\"><\/div><div class=\"swiper-slide-inner\" ><div class=\"swiper-slide-contents\"><\/div><\/div><\/div>\t\t\t\t<\/div>\n\t\t\t\t\t\t\t<\/div>\n\t\t\t\t\t\t\t\t<\/div>\n\t\t\t\t<div class=\"elementor-element elementor-element-46b1590 elementor-widget elementor-widget-text-editor\" data-id=\"46b1590\" data-element_type=\"widget\" data-widget_type=\"text-editor.default\">\n\t\t\t\t\t\t\t\t\t<p>Para que esta garant\u00eda sea v\u00e1lida, es necesario presentar el siguiente:<\/p><p><strong>Factura de compra<\/strong> <br \/>La factura de compra original es la prueba de que la joya fue adquirida en Carati.<\/p><p><strong>Certificado de garant\u00eda<\/strong><br \/>El certificado de garant\u00eda que se entrega junto con la joya.<\/p><p><strong>Estado de la joya<br \/><\/strong>La joya debe estar en su estado original, sin haber sido alterada, modificada o da\u00f1ada por uso indebido o negligente.<\/p>\t\t\t\t\t\t\t\t<\/div>\n\t\t\t\t\t<\/div>\n\t\t<\/div>\n\t\t\t\t\t<\/div>\n\t\t<\/section>\n\t\t\t\t<section class=\"elementor-section elementor-top-section elementor-element elementor-element-32c831d elementor-section-full_width elementor-section-stretched elementor-section-height-default elementor-section-height-default\" data-id=\"32c831d\" data-element_type=\"section\" data-settings=\"{&quot;stretch_section&quot;:&quot;section-stretched&quot;}\">\n\t\t\t\t\t\t<div class=\"elementor-container elementor-column-gap-default\">\n\t\t\t\t\t<div class=\"elementor-column elementor-col-100 elementor-top-column elementor-element elementor-element-a84b69e\" data-id=\"a84b69e\" data-element_type=\"column\">\n\t\t\t<div class=\"elementor-widget-wrap elementor-element-populated\">\n\t\t\t\t\t\t<div class=\"elementor-element elementor-element-071e473 elementor-widget elementor-widget-heading\" data-id=\"071e473\" data-element_type=\"widget\" data-widget_type=\"heading.default\">\n\t\t\t\t\t<h2 class=\"elementor-heading-title elementor-size-default\">EXCLUSIONES DE LA GARANT\u00cdA<\/h2>\t\t\t\t<\/div>\n\t\t\t\t<div class=\"elementor-element elementor-element-5a8fa62 elementor-widget elementor-widget-text-editor\" data-id=\"5a8fa62\" data-element_type=\"widget\" data-widget_type=\"text-editor.default\">\n\t\t\t\t\t\t\t\t\t<p>Para que esta garant\u00eda sea v\u00e1lida, es necesario presentar el siguiente:<\/p>\t\t\t\t\t\t\t\t<\/div>\n\t\t\t\t\t<\/div>\n\t\t<\/div>\n\t\t\t\t\t<\/div>\n\t\t<\/section>\n\t\t\t\t<\/div>\n\t\t","protected":false},"excerpt":{"rendered":"<p>GARANT\u00cdA DE JOYAS POL\u00cdTICA DE GARANT\u00cdA PARA JOYAS DE ORO DE 18 QUILATES Carati garantiza la calidad y autenticidad de las joyas de oro de 18 quilates que vendemos en nuestras tiendas f\u00edsicas y en nuestro sitio web. Esta garant\u00eda cubre los siguientes aspectos: AUTENTICIDAD DEL ORO Todas nuestras joyas de oro de 18 quilates [&hellip;]<\/p>\n","protected":false},"author":1,"featured_media":0,"parent":0,"menu_order":0,"comment_status":"closed","ping_status":"closed","template":"","meta":{"_acf_changed":false,"footnotes":""},"class_list":["post-861","page","type-page","status-publish","hentry"],"acf":[],"_links":{"self":[{"href":"https:\/\/testingweb.biz\/carati\/wp-json\/wp\/v2\/pages\/861","targetHints":{"allow":["GET"]}}],"collection":[{"href":"https:\/\/testingweb.biz\/carati\/wp-json\/wp\/v2\/pages"}],"about":[{"href":"https:\/\/testingweb.biz\/carati\/wp-json\/wp\/v2\/types\/page"}],"author":[{"embeddable":true,"href":"https:\/\/testingweb.biz\/carati\/wp-json\/wp\/v2\/users\/1"}],"replies":[{"embeddable":true,"href":"https:\/\/testingweb.biz\/carati\/wp-json\/wp\/v2\/comments?post=861"}],"version-history":[{"count":40,"href":"https:\/\/testingweb.biz\/carati\/wp-json\/wp\/v2\/pages\/861\/revisions"}],"predecessor-version":[{"id":3042,"href":"https:\/\/testingweb.biz\/carati\/wp-json\/wp\/v2\/pages\/861\/revisions\/3042"}],"wp:attachment":[{"href":"https:\/\/testingweb.biz\/carati\/wp-json\/wp\/v2\/media?parent=861"}],"curies":[{"name":"wp","href":"https:\/\/api.w.org\/{rel}","templated":true}]}}