{"id":2803,"date":"2025-04-29T21:11:34","date_gmt":"2025-04-29T19:11:34","guid":{"rendered":"https:\/\/testingweb.biz\/carati\/?page_id=2803"},"modified":"2025-05-10T18:32:45","modified_gmt":"2025-05-10T16:32:45","slug":"guia-de-diamantes","status":"publish","type":"page","link":"https:\/\/testingweb.biz\/carati\/guia-de-diamantes\/","title":{"rendered":"Gu\u00eda de Diamantes"},"content":{"rendered":"\t\t<div data-elementor-type=\"wp-page\" data-elementor-id=\"2803\" class=\"elementor elementor-2803\" data-elementor-post-type=\"page\">\n\t\t\t\t\t\t<section class=\"elementor-section elementor-top-section elementor-element elementor-element-1ead1e4 elementor-section-boxed elementor-section-height-default elementor-section-height-default\" data-id=\"1ead1e4\" data-element_type=\"section\">\n\t\t\t\t\t\t<div class=\"elementor-container elementor-column-gap-default\">\n\t\t\t\t\t<div class=\"elementor-column elementor-col-100 elementor-top-column elementor-element elementor-element-3289cd6\" data-id=\"3289cd6\" data-element_type=\"column\">\n\t\t\t<div class=\"elementor-widget-wrap elementor-element-populated\">\n\t\t\t\t\t\t<div class=\"elementor-element elementor-element-9161ab7 elementor-widget elementor-widget-heading\" data-id=\"9161ab7\" data-element_type=\"widget\" data-widget_type=\"heading.default\">\n\t\t\t\t\t<h2 class=\"elementor-heading-title elementor-size-default\">GU\u00cdA DEl DIAMANTES<\/h2>\t\t\t\t<\/div>\n\t\t\t\t<div class=\"elementor-element elementor-element-532dcfe elementor-widget elementor-widget-heading\" data-id=\"532dcfe\" data-element_type=\"widget\" data-widget_type=\"heading.default\">\n\t\t\t\t\t<h2 class=\"elementor-heading-title elementor-size-default\">En Carati, una joya representa momentos inolvidables en nuestras vidas. Contamos con dos expertos gem\u00f3logos certificados por la GIA (Gemological Institude of America) los cuales te guiar\u00e1n al brillante adecuado para esa ocasi\u00f3n especial.<\/h2>\t\t\t\t<\/div>\n\t\t\t\t<div class=\"elementor-element elementor-element-5e94e83 elementor-widget elementor-widget-heading\" data-id=\"5e94e83\" data-element_type=\"widget\" data-widget_type=\"heading.default\">\n\t\t\t\t\t<h2 class=\"elementor-heading-title elementor-size-default\"><b>LAS 5 C\u2019s<\/b><\/h2>\t\t\t\t<\/div>\n\t\t\t\t\t<\/div>\n\t\t<\/div>\n\t\t\t\t\t<\/div>\n\t\t<\/section>\n\t\t\t\t<section class=\"elementor-section elementor-top-section elementor-element elementor-element-1df6071 elementor-section-full_width elementor-section-stretched elementor-section-height-default elementor-section-height-default\" data-id=\"1df6071\" data-element_type=\"section\" data-settings=\"{&quot;stretch_section&quot;:&quot;section-stretched&quot;}\">\n\t\t\t\t\t\t<div class=\"elementor-container elementor-column-gap-default\">\n\t\t\t\t\t<div class=\"elementor-column elementor-col-100 elementor-top-column elementor-element elementor-element-7bbcb08\" data-id=\"7bbcb08\" data-element_type=\"column\">\n\t\t\t<div class=\"elementor-widget-wrap elementor-element-populated\">\n\t\t\t\t\t\t<section class=\"elementor-section elementor-inner-section elementor-element elementor-element-1455c22 elementor-section-full_width elementor-section-content-middle elementor-section-height-default elementor-section-height-default\" data-id=\"1455c22\" data-element_type=\"section\">\n\t\t\t\t\t\t<div class=\"elementor-container elementor-column-gap-default\">\n\t\t\t\t\t<div class=\"elementor-column elementor-col-50 elementor-inner-column elementor-element elementor-element-a2ff056\" data-id=\"a2ff056\" data-element_type=\"column\">\n\t\t\t<div class=\"elementor-widget-wrap elementor-element-populated\">\n\t\t\t\t\t\t<div class=\"elementor-element elementor-element-264cd06 elementor-widget elementor-widget-image\" data-id=\"264cd06\" data-element_type=\"widget\" data-widget_type=\"image.default\">\n\t\t\t\t\t\t\t\t\t\t\t\t\t\t\t<img fetchpriority=\"high\" decoding=\"async\" width=\"1920\" height=\"1080\" src=\"https:\/\/testingweb.biz\/carati\/wp-content\/uploads\/2025\/05\/javier-pinzas-diamante.jpg\" class=\"attachment-full size-full wp-image-2841\" alt=\"\" srcset=\"https:\/\/testingweb.biz\/carati\/wp-content\/uploads\/2025\/05\/javier-pinzas-diamante.jpg 1920w, https:\/\/testingweb.biz\/carati\/wp-content\/uploads\/2025\/05\/javier-pinzas-diamante-300x169.jpg 300w, https:\/\/testingweb.biz\/carati\/wp-content\/uploads\/2025\/05\/javier-pinzas-diamante-1024x576.jpg 1024w, https:\/\/testingweb.biz\/carati\/wp-content\/uploads\/2025\/05\/javier-pinzas-diamante-768x432.jpg 768w, https:\/\/testingweb.biz\/carati\/wp-content\/uploads\/2025\/05\/javier-pinzas-diamante-1536x864.jpg 1536w, https:\/\/testingweb.biz\/carati\/wp-content\/uploads\/2025\/05\/javier-pinzas-diamante-600x338.jpg 600w\" sizes=\"(max-width: 1920px) 100vw, 1920px\" \/>\t\t\t\t\t\t\t\t\t\t\t\t\t\t\t<\/div>\n\t\t\t\t\t<\/div>\n\t\t<\/div>\n\t\t\t\t<div class=\"elementor-column elementor-col-50 elementor-inner-column elementor-element elementor-element-d7cf978\" data-id=\"d7cf978\" data-element_type=\"column\">\n\t\t\t<div class=\"elementor-widget-wrap elementor-element-populated\">\n\t\t\t\t\t\t<div class=\"elementor-element elementor-element-43d213a elementor-widget elementor-widget-heading\" data-id=\"43d213a\" data-element_type=\"widget\" data-widget_type=\"heading.default\">\n\t\t\t\t\t<h2 class=\"elementor-heading-title elementor-size-default\">CLARIDAD<\/h2>\t\t\t\t<\/div>\n\t\t\t\t<div class=\"elementor-element elementor-element-d455355 elementor-widget elementor-widget-text-editor\" data-id=\"d455355\" data-element_type=\"widget\" data-widget_type=\"text-editor.default\">\n\t\t\t\t\t\t\t\t\t<p>Debido a que los diamantes se forman en un ambiente de calor extremo y presi\u00f3n en la profundidad de la tierra, ellos contienen marcas \u00fanicas internas (inclusions) \u00f3 externas (blemishes)<br \/><br \/>La claridad de un diamante se refiere a la falta de \u00e9stas marcas de nacimiento. Los diamantes que no las tienen son raros, por lo cual aumenta su valor. Usando el Sistema Internacional de Medida de Diamantes por el GIA, los diamantes son asignados un grado de claridad que rige desde perfectos \u00f3 flawless (FL) a diamantes con marcas obvias \u00f3 inclusions (I3)<br \/><br \/>Todos los diamantes son \u00fanicos. Ninguno es perfecto bajo una magnificaci\u00f3n de 10x. Los diamantes perfectos \u00f3 flawless son excepcionalmente raros, casi ning\u00fan gem\u00f3logo ha llegado a ver uno.<br \/><br \/>La Escala de Claridad de la GIA contiene 11 grados; mayormente, los diamantes tienden a ser clasificados entre VS (very slightly included) \u00f3 SI (slightly included). Para determinar el grado de claridad, el GIA considera el tama\u00f1o, naturaleza, color, y cantidad de caracter\u00edsticas de claridad visibles ante una magnificaci\u00f3n de 10x<br \/><br \/><br \/>Flawless (FL)\u2013 No hay marcas internas \u00f3 imperfecciones visibles siendo graduado por una persona calificada bajo una magnificaci\u00f3n de 10x<br \/>Internally Flawless (IF)\u2013 No hay marcas internas y las imperfecciones son s\u00f3lo visibles por una persona calificada bajo una magnificaci\u00f3n de 10x<br \/>Very, Very Slightly Included (VVS1and VVS2) \u2013 Las marcas internas son dif\u00edciles de localizar por una persona calificada bajo una magnificaci\u00f3n de 10x<br \/>Very Slightly Included (VS1and VS2) \u2013 Las marcas internas son menores son dif\u00edciles de localizar por una persona calificada bajo una magnificaci\u00f3n de 10x<br \/>Slightly Included (SI1and SI2) \u2013 Las marcas internas son f\u00e1ciles de localizar por una persona calificada bajo una magnificaci\u00f3n de 10x<br \/>Included (I1, I2, and I3)\u2013 Las marcas internas son obvias bajo una magnificaci\u00f3n de 10x y puede afectar la transparencia y el brillo del diamante<\/p>\t\t\t\t\t\t\t\t<\/div>\n\t\t\t\t<div class=\"elementor-element elementor-element-a1597e9 elementor-widget elementor-widget-text-editor\" data-id=\"a1597e9\" data-element_type=\"widget\" data-widget_type=\"text-editor.default\">\n\t\t\t\t\t\t\t\t\t<ul><li><strong>Flawless<\/strong> (FL)\u2013 No hay marcas internas \u00f3 imperfecciones visibles siendo graduado por una persona calificada bajo una magnificaci\u00f3n de 10x<\/li><li><strong>Internally Flawless<\/strong> (IF)\u2013 No hay marcas internas y las imperfecciones son s\u00f3lo visibles por una persona calificada bajo una magnificaci\u00f3n de 10x<\/li><li><strong>Very, Very Slightly Included<\/strong> (VVS1and VVS2) \u2013 Las marcas internas son dif\u00edciles de localizar por una persona calificada bajo una magnificaci\u00f3n de 10x<\/li><li><strong>Very Slightly Included<\/strong> (VS1and VS2) \u2013 Las marcas internas son menores son dif\u00edciles de localizar por una persona calificada bajo una magnificaci\u00f3n de 10x<\/li><li><strong>Slightly Included<\/strong> (SI1and SI2) \u2013 Las marcas internas son f\u00e1ciles de localizar por una persona calificada bajo una magnificaci\u00f3n de 10x<\/li><li><strong>Included<\/strong> (I1, I2, and I3)\u2013 Las marcas internas son obvias bajo una magnificaci\u00f3n de 10x y puede afectar la transparencia y el brillo del diamante<\/li><\/ul>\t\t\t\t\t\t\t\t<\/div>\n\t\t\t\t\t<\/div>\n\t\t<\/div>\n\t\t\t\t\t<\/div>\n\t\t<\/section>\n\t\t\t\t<section class=\"elementor-section elementor-inner-section elementor-element elementor-element-30b4645 elementor-section-full_width elementor-section-content-middle elementor-section-height-default elementor-section-height-default\" data-id=\"30b4645\" data-element_type=\"section\">\n\t\t\t\t\t\t<div class=\"elementor-container elementor-column-gap-default\">\n\t\t\t\t\t<div class=\"elementor-column elementor-col-50 elementor-inner-column elementor-element elementor-element-c3575a0\" data-id=\"c3575a0\" data-element_type=\"column\">\n\t\t\t<div class=\"elementor-widget-wrap elementor-element-populated\">\n\t\t\t\t\t\t<div class=\"elementor-element elementor-element-4642796 elementor-widget elementor-widget-image\" data-id=\"4642796\" data-element_type=\"widget\" data-widget_type=\"image.default\">\n\t\t\t\t\t\t\t\t\t\t\t\t\t\t\t<img decoding=\"async\" width=\"1920\" height=\"1080\" src=\"https:\/\/testingweb.biz\/carati\/wp-content\/uploads\/2025\/05\/javier-lupa-diamante-3.jpg\" class=\"attachment-full size-full wp-image-2840\" alt=\"\" srcset=\"https:\/\/testingweb.biz\/carati\/wp-content\/uploads\/2025\/05\/javier-lupa-diamante-3.jpg 1920w, https:\/\/testingweb.biz\/carati\/wp-content\/uploads\/2025\/05\/javier-lupa-diamante-3-300x169.jpg 300w, https:\/\/testingweb.biz\/carati\/wp-content\/uploads\/2025\/05\/javier-lupa-diamante-3-1024x576.jpg 1024w, https:\/\/testingweb.biz\/carati\/wp-content\/uploads\/2025\/05\/javier-lupa-diamante-3-768x432.jpg 768w, https:\/\/testingweb.biz\/carati\/wp-content\/uploads\/2025\/05\/javier-lupa-diamante-3-1536x864.jpg 1536w, https:\/\/testingweb.biz\/carati\/wp-content\/uploads\/2025\/05\/javier-lupa-diamante-3-600x338.jpg 600w\" sizes=\"(max-width: 1920px) 100vw, 1920px\" \/>\t\t\t\t\t\t\t\t\t\t\t\t\t\t\t<\/div>\n\t\t\t\t\t<\/div>\n\t\t<\/div>\n\t\t\t\t<div class=\"elementor-column elementor-col-50 elementor-inner-column elementor-element elementor-element-dece20b\" data-id=\"dece20b\" data-element_type=\"column\">\n\t\t\t<div class=\"elementor-widget-wrap elementor-element-populated\">\n\t\t\t\t\t\t<div class=\"elementor-element elementor-element-33d9855 elementor-widget elementor-widget-heading\" data-id=\"33d9855\" data-element_type=\"widget\" data-widget_type=\"heading.default\">\n\t\t\t\t\t<h2 class=\"elementor-heading-title elementor-size-default\">COLOR<\/h2>\t\t\t\t<\/div>\n\t\t\t\t<div class=\"elementor-element elementor-element-09aa03f elementor-widget elementor-widget-heading\" data-id=\"09aa03f\" data-element_type=\"widget\" data-widget_type=\"heading.default\">\n\t\t\t\t\t<h2 class=\"elementor-heading-title elementor-size-default\">El color de un diamante se eval\u00faa dependiendo de lo que no se puede ver. Los diamantes son valorados por el sin color que tienen \u2013 mientras menos color tengan, son m\u00e1s valorados. Existe una excepci\u00f3n para los \u201cfancy color diamonds\u201d, como los rosas y azules, los cuales se excluyen de esta gama de color.  La mayor\u00eda de diamantes que se pueden encontrar en una joyer\u00eda se rigen desde colorless (sin color) hasta near- colorless (casi sin color), con toques amarillos \u00f3 marrones.\n<br><br>\nLa escala de medici\u00f3n de color por el GIA es standard; \u00e9sta se lleva a cabo comparando el diamante con piedras con color reconocido en un espacio de luz controlada y mediciones precisas. La escala comienza con la letra D, la cual representa el sin color \u00f3 colorless, y contin\u00faa creciendo con la presencia de color hasta la letra Z, \u00f3 amarillo claro \u00f3 marr\u00f3n; cada letra tiene un grado de claridad definida por la apariencia del color.<\/h2>\t\t\t\t<\/div>\n\t\t\t\t\t<\/div>\n\t\t<\/div>\n\t\t\t\t\t<\/div>\n\t\t<\/section>\n\t\t\t\t<section class=\"elementor-section elementor-inner-section elementor-element elementor-element-4f2f922 elementor-section-full_width elementor-section-content-middle elementor-section-height-default elementor-section-height-default\" data-id=\"4f2f922\" data-element_type=\"section\">\n\t\t\t\t\t\t<div class=\"elementor-container elementor-column-gap-default\">\n\t\t\t\t\t<div class=\"elementor-column elementor-col-50 elementor-inner-column elementor-element elementor-element-0355630\" data-id=\"0355630\" data-element_type=\"column\">\n\t\t\t<div class=\"elementor-widget-wrap elementor-element-populated\">\n\t\t\t\t\t\t<div class=\"elementor-element elementor-element-870d0ba elementor-widget elementor-widget-image\" data-id=\"870d0ba\" data-element_type=\"widget\" data-widget_type=\"image.default\">\n\t\t\t\t\t\t\t\t\t\t\t\t\t\t\t<img decoding=\"async\" width=\"1920\" height=\"1080\" src=\"https:\/\/testingweb.biz\/carati\/wp-content\/uploads\/2025\/05\/javier-micro-diamante.jpg\" class=\"attachment-full size-full wp-image-2838\" alt=\"\" srcset=\"https:\/\/testingweb.biz\/carati\/wp-content\/uploads\/2025\/05\/javier-micro-diamante.jpg 1920w, https:\/\/testingweb.biz\/carati\/wp-content\/uploads\/2025\/05\/javier-micro-diamante-300x169.jpg 300w, https:\/\/testingweb.biz\/carati\/wp-content\/uploads\/2025\/05\/javier-micro-diamante-1024x576.jpg 1024w, https:\/\/testingweb.biz\/carati\/wp-content\/uploads\/2025\/05\/javier-micro-diamante-768x432.jpg 768w, https:\/\/testingweb.biz\/carati\/wp-content\/uploads\/2025\/05\/javier-micro-diamante-1536x864.jpg 1536w, https:\/\/testingweb.biz\/carati\/wp-content\/uploads\/2025\/05\/javier-micro-diamante-600x338.jpg 600w\" sizes=\"(max-width: 1920px) 100vw, 1920px\" \/>\t\t\t\t\t\t\t\t\t\t\t\t\t\t\t<\/div>\n\t\t\t\t\t<\/div>\n\t\t<\/div>\n\t\t\t\t<div class=\"elementor-column elementor-col-50 elementor-inner-column elementor-element elementor-element-08d700f\" data-id=\"08d700f\" data-element_type=\"column\">\n\t\t\t<div class=\"elementor-widget-wrap elementor-element-populated\">\n\t\t\t\t\t\t<div class=\"elementor-element elementor-element-b698e12 elementor-widget elementor-widget-heading\" data-id=\"b698e12\" data-element_type=\"widget\" data-widget_type=\"heading.default\">\n\t\t\t\t\t<h2 class=\"elementor-heading-title elementor-size-default\">CARATS<\/h2>\t\t\t\t<\/div>\n\t\t\t\t<div class=\"elementor-element elementor-element-b1a9562 elementor-widget elementor-widget-text-editor\" data-id=\"b1a9562\" data-element_type=\"widget\" data-widget_type=\"text-editor.default\">\n\t\t\t\t\t\t\t\t\t<h2 class=\"elementor-heading-title elementor-size-default elementor-inline-editing pen\" style=\"font-family: 'PP Mori Regular', sans-serif; line-height: 21px; color: #111111; font-size: 16px; outline-color: currentcolor; outline-style: none;\" data-elementor-setting-key=\"title\" data-pen-placeholder=\"Teclea aqu\u00ed...\">Los diamantes y otras gemas so<\/h2><p>Los diamantes y otras gemas son pesados en carats: un carat equivale a 0.2 gramos, no hay que confundir carat con karat \u00f3 kilates, que se refiere a la pureza del oro (ejem. 18 k).<\/p><p>Un carat es dividido en 100 puntos, por ejemplo, un diamante de 50 puntos pesa 0.50 carats. Sin embargo, dos diamantes del mismo peso pueden tener diferente valor dependiendo de las otras C\u2019s : claridad, color y corte.<\/p><p>Ya que una fracci\u00f3n de carat puede hacer una gran diferencia en el costo del diamante, la precisi\u00f3n es crucial. En la industria de los diamantes, el peso es medido al 100 000 de un carat, y redondeado al ciento de un carat. Los diamantes que pesan m\u00e1s que un carat son expresados en carats y decimales, por ejemplo, una piedra de 1.08 ct. Es descrito como \u201cun punto y ocho carats\u201d \u00f3 \u201cuno y ocho\u201d.<\/p>\t\t\t\t\t\t\t\t<\/div>\n\t\t\t\t\t<\/div>\n\t\t<\/div>\n\t\t\t\t\t<\/div>\n\t\t<\/section>\n\t\t\t\t<section class=\"elementor-section elementor-inner-section elementor-element elementor-element-e9f6f78 elementor-section-full_width elementor-section-content-middle elementor-section-height-default elementor-section-height-default\" data-id=\"e9f6f78\" data-element_type=\"section\">\n\t\t\t\t\t\t<div class=\"elementor-container elementor-column-gap-default\">\n\t\t\t\t\t<div class=\"elementor-column elementor-col-50 elementor-inner-column elementor-element elementor-element-3993c84\" data-id=\"3993c84\" data-element_type=\"column\">\n\t\t\t<div class=\"elementor-widget-wrap elementor-element-populated\">\n\t\t\t\t\t\t<div class=\"elementor-element elementor-element-c8d04f8 elementor-widget elementor-widget-image\" data-id=\"c8d04f8\" data-element_type=\"widget\" data-widget_type=\"image.default\">\n\t\t\t\t\t\t\t\t\t\t\t\t\t\t\t<img loading=\"lazy\" decoding=\"async\" width=\"1920\" height=\"1080\" src=\"https:\/\/testingweb.biz\/carati\/wp-content\/uploads\/2025\/05\/javier-lupa-diamante-1.jpg\" class=\"attachment-full size-full wp-image-2839\" alt=\"\" srcset=\"https:\/\/testingweb.biz\/carati\/wp-content\/uploads\/2025\/05\/javier-lupa-diamante-1.jpg 1920w, https:\/\/testingweb.biz\/carati\/wp-content\/uploads\/2025\/05\/javier-lupa-diamante-1-300x169.jpg 300w, https:\/\/testingweb.biz\/carati\/wp-content\/uploads\/2025\/05\/javier-lupa-diamante-1-1024x576.jpg 1024w, https:\/\/testingweb.biz\/carati\/wp-content\/uploads\/2025\/05\/javier-lupa-diamante-1-768x432.jpg 768w, https:\/\/testingweb.biz\/carati\/wp-content\/uploads\/2025\/05\/javier-lupa-diamante-1-1536x864.jpg 1536w, https:\/\/testingweb.biz\/carati\/wp-content\/uploads\/2025\/05\/javier-lupa-diamante-1-600x338.jpg 600w\" sizes=\"(max-width: 1920px) 100vw, 1920px\" \/>\t\t\t\t\t\t\t\t\t\t\t\t\t\t\t<\/div>\n\t\t\t\t\t<\/div>\n\t\t<\/div>\n\t\t\t\t<div class=\"elementor-column elementor-col-50 elementor-inner-column elementor-element elementor-element-b225cb5\" data-id=\"b225cb5\" data-element_type=\"column\">\n\t\t\t<div class=\"elementor-widget-wrap elementor-element-populated\">\n\t\t\t\t\t\t<div class=\"elementor-element elementor-element-a858fc0 elementor-widget elementor-widget-heading\" data-id=\"a858fc0\" data-element_type=\"widget\" data-widget_type=\"heading.default\">\n\t\t\t\t\t<h2 class=\"elementor-heading-title elementor-size-default\">CORTE<\/h2>\t\t\t\t<\/div>\n\t\t\t\t<div class=\"elementor-element elementor-element-a2ac136 elementor-widget elementor-widget-text-editor\" data-id=\"a2ac136\" data-element_type=\"widget\" data-widget_type=\"text-editor.default\">\n\t\t\t\t\t\t\t\t\t<p>El corte es el factor que le da brillo a un diamante; la atracci\u00f3n y belleza de un brillante en particular depende m\u00e1s que nada en la calidad\u00a0 del corte.<\/p><p>El Sistema de Calificaci\u00f3n de Corte de Diamantes del GIA, para brillantes standard circulares, \u00a0rige entre las letras D a la Z y est\u00e1 basado en siete componentes:<\/p><ol><li>Luminosidad \u2013 La cantidad de luz que refleja el diamante<\/li><li>Fire \u2013 La dispersion de luz entre los colores del spectrum<\/li><li>Scintillation \u2013 El patr\u00f3n de \u00e1reas claras y oscuras y el brillo del diamante cuando es movido<\/li><li>Peso<\/li><li>Durabilidad<\/li><li>Puclosidad<\/li><li>Simetr\u00eda<\/li><\/ol><p>\u00a0<\/p><p>En el sistema del GIA, cada componente es evaluado individualmente, tomando en cuenta la importancia del componente en el corte de calidad final del diamante. Cada grado de corte, basado en una escala de Excelente a Pobre, representa el rango de proporci\u00f3n y apariencias face \u2013 up . Hay muchos grados de proporci\u00f3n que producen diamantes atractivos.<\/p><p>La industria del diamante al igual que el p\u00fablico pueden usar el corte, color, claridad y carat para que los ayude a hacer una decision m\u00e1s informada al comprar un diamante.<\/p>\t\t\t\t\t\t\t\t<\/div>\n\t\t\t\t\t<\/div>\n\t\t<\/div>\n\t\t\t\t\t<\/div>\n\t\t<\/section>\n\t\t\t\t\t<\/div>\n\t\t<\/div>\n\t\t\t\t\t<\/div>\n\t\t<\/section>\n\t\t\t\t<\/div>\n\t\t","protected":false},"excerpt":{"rendered":"<p>GU\u00cdA DEl DIAMANTES En Carati, una joya representa momentos inolvidables en nuestras vidas. Contamos con dos expertos gem\u00f3logos certificados por la GIA (Gemological Institude of America) los cuales te guiar\u00e1n al brillante adecuado para esa ocasi\u00f3n especial. LAS 5 C\u2019s CLARIDAD Debido a que los diamantes se forman en un ambiente de calor extremo y [&hellip;]<\/p>\n","protected":false},"author":1,"featured_media":0,"parent":0,"menu_order":0,"comment_status":"closed","ping_status":"closed","template":"","meta":{"_acf_changed":false,"footnotes":""},"class_list":["post-2803","page","type-page","status-publish","hentry"],"acf":[],"_links":{"self":[{"href":"https:\/\/testingweb.biz\/carati\/wp-json\/wp\/v2\/pages\/2803","targetHints":{"allow":["GET"]}}],"collection":[{"href":"https:\/\/testingweb.biz\/carati\/wp-json\/wp\/v2\/pages"}],"about":[{"href":"https:\/\/testingweb.biz\/carati\/wp-json\/wp\/v2\/types\/page"}],"author":[{"embeddable":true,"href":"https:\/\/testingweb.biz\/carati\/wp-json\/wp\/v2\/users\/1"}],"replies":[{"embeddable":true,"href":"https:\/\/testingweb.biz\/carati\/wp-json\/wp\/v2\/comments?post=2803"}],"version-history":[{"count":13,"href":"https:\/\/testingweb.biz\/carati\/wp-json\/wp\/v2\/pages\/2803\/revisions"}],"predecessor-version":[{"id":2844,"href":"https:\/\/testingweb.biz\/carati\/wp-json\/wp\/v2\/pages\/2803\/revisions\/2844"}],"wp:attachment":[{"href":"https:\/\/testingweb.biz\/carati\/wp-json\/wp\/v2\/media?parent=2803"}],"curies":[{"name":"wp","href":"https:\/\/api.w.org\/{rel}","templated":true}]}}