{"id":21,"date":"2024-11-21T01:58:11","date_gmt":"2024-11-21T00:58:11","guid":{"rendered":"https:\/\/testingweb.biz\/carati\/?page_id=21"},"modified":"2025-03-03T18:48:53","modified_gmt":"2025-03-03T17:48:53","slug":"nuestra-historia","status":"publish","type":"page","link":"https:\/\/testingweb.biz\/carati\/nuestra-historia\/","title":{"rendered":"Nuestra Historia"},"content":{"rendered":"\t\t<div data-elementor-type=\"wp-page\" data-elementor-id=\"21\" class=\"elementor elementor-21\" data-elementor-post-type=\"page\">\n\t\t\t\t\t\t<section class=\"elementor-section elementor-top-section elementor-element elementor-element-985c4ca elementor-section-full_width elementor-section-stretched elementor-section-height-default elementor-section-height-default\" data-id=\"985c4ca\" data-element_type=\"section\" data-settings=\"{&quot;stretch_section&quot;:&quot;section-stretched&quot;}\">\n\t\t\t\t\t\t<div class=\"elementor-container elementor-column-gap-default\">\n\t\t\t\t\t<div class=\"elementor-column elementor-col-100 elementor-top-column elementor-element elementor-element-4a0cad0\" data-id=\"4a0cad0\" data-element_type=\"column\">\n\t\t\t<div class=\"elementor-widget-wrap elementor-element-populated\">\n\t\t\t\t\t\t<div class=\"elementor-element elementor-element-66c43c4 elementor-widget elementor-widget-image\" data-id=\"66c43c4\" data-element_type=\"widget\" data-widget_type=\"image.default\">\n\t\t\t\t\t\t\t\t\t\t\t\t\t\t\t<img decoding=\"async\" width=\"488\" height=\"101\" src=\"https:\/\/testingweb.biz\/carati\/wp-content\/uploads\/2024\/11\/since-carati.png\" class=\"attachment-full size-full wp-image-793\" alt=\"\" srcset=\"https:\/\/testingweb.biz\/carati\/wp-content\/uploads\/2024\/11\/since-carati.png 488w, https:\/\/testingweb.biz\/carati\/wp-content\/uploads\/2024\/11\/since-carati-300x62.png 300w\" sizes=\"(max-width: 488px) 100vw, 488px\" \/>\t\t\t\t\t\t\t\t\t\t\t\t\t\t\t<\/div>\n\t\t\t\t<div class=\"elementor-element elementor-element-5c7979c elementor-widget elementor-widget-image\" data-id=\"5c7979c\" data-element_type=\"widget\" data-widget_type=\"image.default\">\n\t\t\t\t\t\t\t\t\t\t\t\t\t\t\t<img fetchpriority=\"high\" decoding=\"async\" width=\"3998\" height=\"2785\" src=\"https:\/\/testingweb.biz\/carati\/wp-content\/uploads\/2024\/11\/logo-since-carati.png\" class=\"attachment-full size-full wp-image-794\" alt=\"\" srcset=\"https:\/\/testingweb.biz\/carati\/wp-content\/uploads\/2024\/11\/logo-since-carati.png 3998w, https:\/\/testingweb.biz\/carati\/wp-content\/uploads\/2024\/11\/logo-since-carati-300x209.png 300w, https:\/\/testingweb.biz\/carati\/wp-content\/uploads\/2024\/11\/logo-since-carati-1024x713.png 1024w, https:\/\/testingweb.biz\/carati\/wp-content\/uploads\/2024\/11\/logo-since-carati-768x535.png 768w, https:\/\/testingweb.biz\/carati\/wp-content\/uploads\/2024\/11\/logo-since-carati-1536x1070.png 1536w, https:\/\/testingweb.biz\/carati\/wp-content\/uploads\/2024\/11\/logo-since-carati-2048x1427.png 2048w, https:\/\/testingweb.biz\/carati\/wp-content\/uploads\/2024\/11\/logo-since-carati-600x418.png 600w\" sizes=\"(max-width: 3998px) 100vw, 3998px\" \/>\t\t\t\t\t\t\t\t\t\t\t\t\t\t\t<\/div>\n\t\t\t\t<div class=\"elementor-element elementor-element-be81617 elementor-widget elementor-widget-heading\" data-id=\"be81617\" data-element_type=\"widget\" data-widget_type=\"heading.default\">\n\t\t\t\t\t<h2 class=\"elementor-heading-title elementor-size-default\">Carati Joyer\u00eda nace en Per\u00fa en 1982 como un peque\u00f1o emprendimiento familiar. \n<\/h2>\t\t\t\t<\/div>\n\t\t\t\t<div class=\"elementor-element elementor-element-3922fcb elementor-widget elementor-widget-heading\" data-id=\"3922fcb\" data-element_type=\"widget\" data-widget_type=\"heading.default\">\n\t\t\t\t\t<h2 class=\"elementor-heading-title elementor-size-default\">Hoy, con seis tiendas a lo largo del pa\u00eds y con la segunda generaci\u00f3n a bordo, mantenemos la apuesta por la creatividad de nuestros artesanos.<\/h2>\t\t\t\t<\/div>\n\t\t\t\t<div class=\"elementor-element elementor-element-23f758f elementor-widget elementor-widget-image\" data-id=\"23f758f\" data-element_type=\"widget\" data-widget_type=\"image.default\">\n\t\t\t\t\t\t\t\t\t\t\t\t\t\t\t<img decoding=\"async\" width=\"1440\" height=\"313\" src=\"https:\/\/testingweb.biz\/carati\/wp-content\/uploads\/2024\/11\/logo_grande.png\" class=\"attachment-full size-full wp-image-499\" alt=\"\" srcset=\"https:\/\/testingweb.biz\/carati\/wp-content\/uploads\/2024\/11\/logo_grande.png 1440w, https:\/\/testingweb.biz\/carati\/wp-content\/uploads\/2024\/11\/logo_grande-300x65.png 300w, https:\/\/testingweb.biz\/carati\/wp-content\/uploads\/2024\/11\/logo_grande-1024x223.png 1024w, https:\/\/testingweb.biz\/carati\/wp-content\/uploads\/2024\/11\/logo_grande-768x167.png 768w, https:\/\/testingweb.biz\/carati\/wp-content\/uploads\/2024\/11\/logo_grande-600x130.png 600w\" sizes=\"(max-width: 1440px) 100vw, 1440px\" \/>\t\t\t\t\t\t\t\t\t\t\t\t\t\t\t<\/div>\n\t\t\t\t\t<\/div>\n\t\t<\/div>\n\t\t\t\t\t<\/div>\n\t\t<\/section>\n\t\t\t\t<section class=\"elementor-section elementor-top-section elementor-element elementor-element-1df6071 elementor-section-full_width elementor-section-stretched elementor-section-height-default elementor-section-height-default\" data-id=\"1df6071\" data-element_type=\"section\" data-settings=\"{&quot;stretch_section&quot;:&quot;section-stretched&quot;}\">\n\t\t\t\t\t\t<div class=\"elementor-container elementor-column-gap-default\">\n\t\t\t\t\t<div class=\"elementor-column elementor-col-100 elementor-top-column elementor-element elementor-element-7bbcb08\" data-id=\"7bbcb08\" data-element_type=\"column\">\n\t\t\t<div class=\"elementor-widget-wrap elementor-element-populated\">\n\t\t\t\t\t\t<div class=\"elementor-element elementor-element-aa3ad99 elementor--h-position-center elementor--v-position-middle elementor-widget elementor-widget-slides\" data-id=\"aa3ad99\" data-element_type=\"widget\" data-settings=\"{&quot;navigation&quot;:&quot;none&quot;,&quot;transition&quot;:&quot;slide&quot;,&quot;transition_speed&quot;:500}\" data-widget_type=\"slides.default\">\n\t\t\t\t\t\t\t\t\t\t<div class=\"elementor-slides-wrapper elementor-main-swiper swiper\" role=\"region\" aria-roledescription=\"carousel\" aria-label=\"Slides\" dir=\"ltr\" data-animation=\"fadeInUp\">\n\t\t\t\t<div class=\"swiper-wrapper elementor-slides\">\n\t\t\t\t\t\t\t\t\t\t<div class=\"elementor-repeater-item-7a0b40c swiper-slide\" role=\"group\" aria-roledescription=\"slide\"><div class=\"swiper-slide-bg\" role=\"img\"><\/div><div class=\"swiper-slide-inner\" ><div class=\"swiper-slide-contents\"><\/div><\/div><\/div>\t\t\t\t<\/div>\n\t\t\t\t\t\t\t<\/div>\n\t\t\t\t\t\t\t\t<\/div>\n\t\t\t\t<section class=\"elementor-section elementor-inner-section elementor-element elementor-element-cc26a94 elementor-section-boxed elementor-section-height-default elementor-section-height-default\" data-id=\"cc26a94\" data-element_type=\"section\">\n\t\t\t\t\t\t<div class=\"elementor-container elementor-column-gap-default\">\n\t\t\t\t\t<div class=\"elementor-column elementor-col-100 elementor-inner-column elementor-element elementor-element-2fd4b0e\" data-id=\"2fd4b0e\" data-element_type=\"column\">\n\t\t\t<div class=\"elementor-widget-wrap elementor-element-populated\">\n\t\t\t\t\t\t<div class=\"elementor-element elementor-element-ff0e4c7 elementor-widget elementor-widget-heading\" data-id=\"ff0e4c7\" data-element_type=\"widget\" data-widget_type=\"heading.default\">\n\t\t\t\t\t<h2 class=\"elementor-heading-title elementor-size-default\">Lorem ipsum dolor sit amet, consectetuer adipiscing elit, sed diam nonummy nibh euismod tincidunt ut laoreet dolore magna aliquam erat volutpat.<\/h2>\t\t\t\t<\/div>\n\t\t\t\t\t<\/div>\n\t\t<\/div>\n\t\t\t\t\t<\/div>\n\t\t<\/section>\n\t\t\t\t<section class=\"elementor-section elementor-inner-section elementor-element elementor-element-1455c22 elementor-section-full_width elementor-section-content-middle elementor-section-height-default elementor-section-height-default\" data-id=\"1455c22\" data-element_type=\"section\">\n\t\t\t\t\t\t<div class=\"elementor-container elementor-column-gap-default\">\n\t\t\t\t\t<div class=\"elementor-column elementor-col-50 elementor-inner-column elementor-element elementor-element-a2ff056\" data-id=\"a2ff056\" data-element_type=\"column\">\n\t\t\t<div class=\"elementor-widget-wrap elementor-element-populated\">\n\t\t\t\t\t\t<div class=\"elementor-element elementor-element-264cd06 elementor-widget elementor-widget-image\" data-id=\"264cd06\" data-element_type=\"widget\" data-widget_type=\"image.default\">\n\t\t\t\t\t\t\t\t\t\t\t\t\t\t\t<img loading=\"lazy\" decoding=\"async\" width=\"1659\" height=\"951\" src=\"https:\/\/testingweb.biz\/carati\/wp-content\/uploads\/2024\/11\/historia-carati.jpg\" class=\"attachment-full size-full wp-image-820\" alt=\"\" srcset=\"https:\/\/testingweb.biz\/carati\/wp-content\/uploads\/2024\/11\/historia-carati.jpg 1659w, https:\/\/testingweb.biz\/carati\/wp-content\/uploads\/2024\/11\/historia-carati-300x172.jpg 300w, https:\/\/testingweb.biz\/carati\/wp-content\/uploads\/2024\/11\/historia-carati-1024x587.jpg 1024w, https:\/\/testingweb.biz\/carati\/wp-content\/uploads\/2024\/11\/historia-carati-768x440.jpg 768w, https:\/\/testingweb.biz\/carati\/wp-content\/uploads\/2024\/11\/historia-carati-1536x880.jpg 1536w, https:\/\/testingweb.biz\/carati\/wp-content\/uploads\/2024\/11\/historia-carati-600x344.jpg 600w\" sizes=\"(max-width: 1659px) 100vw, 1659px\" \/>\t\t\t\t\t\t\t\t\t\t\t\t\t\t\t<\/div>\n\t\t\t\t\t<\/div>\n\t\t<\/div>\n\t\t\t\t<div class=\"elementor-column elementor-col-50 elementor-inner-column elementor-element elementor-element-d7cf978\" data-id=\"d7cf978\" data-element_type=\"column\">\n\t\t\t<div class=\"elementor-widget-wrap elementor-element-populated\">\n\t\t\t\t\t\t<div class=\"elementor-element elementor-element-43d213a elementor-widget elementor-widget-heading\" data-id=\"43d213a\" data-element_type=\"widget\" data-widget_type=\"heading.default\">\n\t\t\t\t\t<h2 class=\"elementor-heading-title elementor-size-default\">EL AMOR INSPIRA NUESTRO TRABAJO<\/h2>\t\t\t\t<\/div>\n\t\t\t\t<div class=\"elementor-element elementor-element-c42b684 elementor-widget elementor-widget-heading\" data-id=\"c42b684\" data-element_type=\"widget\" data-widget_type=\"heading.default\">\n\t\t\t\t\t<h2 class=\"elementor-heading-title elementor-size-default\">Somos parte de maravillosas historias de amor. Acompa\u00f1amos a innumerables parejas, en los momentos m\u00e1s especiales de sus vidas: Desde la pedida de mano hasta el d\u00eda de la boda.<\/h2>\t\t\t\t<\/div>\n\t\t\t\t\t<\/div>\n\t\t<\/div>\n\t\t\t\t\t<\/div>\n\t\t<\/section>\n\t\t\t\t<section class=\"elementor-section elementor-inner-section elementor-element elementor-element-fd9ccff elementor-section-full_width elementor-section-content-middle elementor-section-height-default elementor-section-height-default\" data-id=\"fd9ccff\" data-element_type=\"section\">\n\t\t\t\t\t\t<div class=\"elementor-container elementor-column-gap-default\">\n\t\t\t\t\t<div class=\"elementor-column elementor-col-100 elementor-inner-column elementor-element elementor-element-0ed88fc\" data-id=\"0ed88fc\" data-element_type=\"column\">\n\t\t\t<div class=\"elementor-widget-wrap elementor-element-populated\">\n\t\t\t\t\t\t<div class=\"elementor-element elementor-element-958d1c2 elementor-grid-3 elementor-grid-tablet-2 elementor-grid-mobile-1 elementor-posts--thumbnail-top elementor-widget elementor-widget-posts\" data-id=\"958d1c2\" data-element_type=\"widget\" data-settings=\"{&quot;classic_masonry&quot;:&quot;yes&quot;,&quot;classic_row_gap&quot;:{&quot;unit&quot;:&quot;px&quot;,&quot;size&quot;:30,&quot;sizes&quot;:[]},&quot;classic_row_gap_tablet&quot;:{&quot;unit&quot;:&quot;px&quot;,&quot;size&quot;:20,&quot;sizes&quot;:[]},&quot;classic_row_gap_mobile&quot;:{&quot;unit&quot;:&quot;px&quot;,&quot;size&quot;:30,&quot;sizes&quot;:[]},&quot;classic_columns&quot;:&quot;3&quot;,&quot;classic_columns_tablet&quot;:&quot;2&quot;,&quot;classic_columns_mobile&quot;:&quot;1&quot;}\" data-widget_type=\"posts.classic\">\n\t\t\t\t<div class=\"elementor-widget-container\">\n\t\t\t\t\t\t\t<div class=\"elementor-posts-container elementor-posts elementor-posts--skin-classic elementor-grid\">\n\t\t\t\t<article class=\"elementor-post elementor-grid-item post-844 post type-post status-publish format-standard has-post-thumbnail hentry category-sin-categoria\">\n\t\t\t\t<a class=\"elementor-post__thumbnail__link\" href=\"https:\/\/testingweb.biz\/carati\/asesoria-personalizada\/\" tabindex=\"-1\" >\n\t\t\t<div class=\"elementor-post__thumbnail\"><img loading=\"lazy\" decoding=\"async\" width=\"813\" height=\"951\" src=\"https:\/\/testingweb.biz\/carati\/wp-content\/uploads\/2024\/11\/Historia-Blog-Carati.jpg\" class=\"attachment-full size-full wp-image-833\" alt=\"\" srcset=\"https:\/\/testingweb.biz\/carati\/wp-content\/uploads\/2024\/11\/Historia-Blog-Carati.jpg 813w, https:\/\/testingweb.biz\/carati\/wp-content\/uploads\/2024\/11\/Historia-Blog-Carati-256x300.jpg 256w, https:\/\/testingweb.biz\/carati\/wp-content\/uploads\/2024\/11\/Historia-Blog-Carati-768x898.jpg 768w, https:\/\/testingweb.biz\/carati\/wp-content\/uploads\/2024\/11\/Historia-Blog-Carati-600x702.jpg 600w\" sizes=\"(max-width: 813px) 100vw, 813px\" \/><\/div>\n\t\t<\/a>\n\t\t\t\t<div class=\"elementor-post__text\">\n\t\t\t\t<h3 class=\"elementor-post__title\">\n\t\t\t<a href=\"https:\/\/testingweb.biz\/carati\/asesoria-personalizada\/\" >\n\t\t\t\tASESOR\u00cdA PERSONALIZADA\t\t\t<\/a>\n\t\t<\/h3>\n\t\t\t\t<div class=\"elementor-post__excerpt\">\n\t\t\t<p>Estamos encantados de acompa\u00f1ar y guiar a nuestros clientes en cada visita. Nuestras asesoras expertas en joyer\u00eda, as\u00ed como nuestros expertos en diamantes graduados del<\/p>\n\t\t<\/div>\n\t\t\t\t<\/div>\n\t\t\t\t<\/article>\n\t\t\t\t<article class=\"elementor-post elementor-grid-item post-841 post type-post status-publish format-standard has-post-thumbnail hentry category-sin-categoria\">\n\t\t\t\t<a class=\"elementor-post__thumbnail__link\" href=\"https:\/\/testingweb.biz\/carati\/piezas-deslumbrantes\/\" tabindex=\"-1\" >\n\t\t\t<div class=\"elementor-post__thumbnail\"><img loading=\"lazy\" decoding=\"async\" width=\"813\" height=\"951\" src=\"https:\/\/testingweb.biz\/carati\/wp-content\/uploads\/2024\/11\/Historia-Blog-Carati.jpg\" class=\"attachment-full size-full wp-image-833\" alt=\"\" srcset=\"https:\/\/testingweb.biz\/carati\/wp-content\/uploads\/2024\/11\/Historia-Blog-Carati.jpg 813w, https:\/\/testingweb.biz\/carati\/wp-content\/uploads\/2024\/11\/Historia-Blog-Carati-256x300.jpg 256w, https:\/\/testingweb.biz\/carati\/wp-content\/uploads\/2024\/11\/Historia-Blog-Carati-768x898.jpg 768w, https:\/\/testingweb.biz\/carati\/wp-content\/uploads\/2024\/11\/Historia-Blog-Carati-600x702.jpg 600w\" sizes=\"(max-width: 813px) 100vw, 813px\" \/><\/div>\n\t\t<\/a>\n\t\t\t\t<div class=\"elementor-post__text\">\n\t\t\t\t<h3 class=\"elementor-post__title\">\n\t\t\t<a href=\"https:\/\/testingweb.biz\/carati\/piezas-deslumbrantes\/\" >\n\t\t\t\tPIEZAS DESLUMBRANTES\t\t\t<\/a>\n\t\t<\/h3>\n\t\t\t\t<div class=\"elementor-post__excerpt\">\n\t\t\t<p>Los dise\u00f1os m\u00e1s deseados est\u00e1n en Carati. Contamos con una fina y selecta variedad de joyas que son extraordinarias piezas de arte. Sin duda, el<\/p>\n\t\t<\/div>\n\t\t\t\t<\/div>\n\t\t\t\t<\/article>\n\t\t\t\t<article class=\"elementor-post elementor-grid-item post-838 post type-post status-publish format-standard has-post-thumbnail hentry category-sin-categoria\">\n\t\t\t\t<a class=\"elementor-post__thumbnail__link\" href=\"https:\/\/testingweb.biz\/carati\/alta-joyeria\/\" tabindex=\"-1\" >\n\t\t\t<div class=\"elementor-post__thumbnail\"><img loading=\"lazy\" decoding=\"async\" width=\"813\" height=\"951\" src=\"https:\/\/testingweb.biz\/carati\/wp-content\/uploads\/2024\/11\/Historia-Blog-Carati.jpg\" class=\"attachment-full size-full wp-image-833\" alt=\"\" srcset=\"https:\/\/testingweb.biz\/carati\/wp-content\/uploads\/2024\/11\/Historia-Blog-Carati.jpg 813w, https:\/\/testingweb.biz\/carati\/wp-content\/uploads\/2024\/11\/Historia-Blog-Carati-256x300.jpg 256w, https:\/\/testingweb.biz\/carati\/wp-content\/uploads\/2024\/11\/Historia-Blog-Carati-768x898.jpg 768w, https:\/\/testingweb.biz\/carati\/wp-content\/uploads\/2024\/11\/Historia-Blog-Carati-600x702.jpg 600w\" sizes=\"(max-width: 813px) 100vw, 813px\" \/><\/div>\n\t\t<\/a>\n\t\t\t\t<div class=\"elementor-post__text\">\n\t\t\t\t<h3 class=\"elementor-post__title\">\n\t\t\t<a href=\"https:\/\/testingweb.biz\/carati\/alta-joyeria\/\" >\n\t\t\t\tALTA JOYER\u00cdA\t\t\t<\/a>\n\t\t<\/h3>\n\t\t\t\t<div class=\"elementor-post__excerpt\">\n\t\t\t<p>Carati es sin\u00f3nimo de orfebrer\u00eda de alto nivel y garant\u00eda de calidad en joyas de oro de 18 kilates, brillantes, piedras preciosas y plata de<\/p>\n\t\t<\/div>\n\t\t\t\t<\/div>\n\t\t\t\t<\/article>\n\t\t\t\t<\/div>\n\t\t\n\t\t\t\t\t\t<\/div>\n\t\t\t\t<\/div>\n\t\t\t\t\t<\/div>\n\t\t<\/div>\n\t\t\t\t\t<\/div>\n\t\t<\/section>\n\t\t\t\t\t<\/div>\n\t\t<\/div>\n\t\t\t\t\t<\/div>\n\t\t<\/section>\n\t\t\t\t<\/div>\n\t\t","protected":false},"excerpt":{"rendered":"<p>Carati Joyer\u00eda nace en Per\u00fa en 1982 como un peque\u00f1o emprendimiento familiar. Hoy, con seis tiendas a lo largo del pa\u00eds y con la segunda generaci\u00f3n a bordo, mantenemos la apuesta por la creatividad de nuestros artesanos. Lorem ipsum dolor sit amet, consectetuer adipiscing elit, sed diam nonummy nibh euismod tincidunt ut laoreet dolore magna [&hellip;]<\/p>\n","protected":false},"author":1,"featured_media":0,"parent":0,"menu_order":0,"comment_status":"closed","ping_status":"closed","template":"","meta":{"_acf_changed":false,"footnotes":""},"class_list":["post-21","page","type-page","status-publish","hentry"],"acf":[],"_links":{"self":[{"href":"https:\/\/testingweb.biz\/carati\/wp-json\/wp\/v2\/pages\/21","targetHints":{"allow":["GET"]}}],"collection":[{"href":"https:\/\/testingweb.biz\/carati\/wp-json\/wp\/v2\/pages"}],"about":[{"href":"https:\/\/testingweb.biz\/carati\/wp-json\/wp\/v2\/types\/page"}],"author":[{"embeddable":true,"href":"https:\/\/testingweb.biz\/carati\/wp-json\/wp\/v2\/users\/1"}],"replies":[{"embeddable":true,"href":"https:\/\/testingweb.biz\/carati\/wp-json\/wp\/v2\/comments?post=21"}],"version-history":[{"count":302,"href":"https:\/\/testingweb.biz\/carati\/wp-json\/wp\/v2\/pages\/21\/revisions"}],"predecessor-version":[{"id":1541,"href":"https:\/\/testingweb.biz\/carati\/wp-json\/wp\/v2\/pages\/21\/revisions\/1541"}],"wp:attachment":[{"href":"https:\/\/testingweb.biz\/carati\/wp-json\/wp\/v2\/media?parent=21"}],"curies":[{"name":"wp","href":"https:\/\/api.w.org\/{rel}","templated":true}]}}