{"id":12,"date":"2024-11-18T18:31:20","date_gmt":"2024-11-18T17:31:20","guid":{"rendered":"https:\/\/testingweb.biz\/carati\/mi-cuenta\/"},"modified":"2024-12-27T21:47:31","modified_gmt":"2024-12-27T20:47:31","slug":"my-account","status":"publish","type":"page","link":"https:\/\/testingweb.biz\/carati\/my-account\/","title":{"rendered":"Mi cuenta"},"content":{"rendered":"\t\t<div data-elementor-type=\"wp-page\" data-elementor-id=\"12\" class=\"elementor elementor-12\" data-elementor-post-type=\"page\">\n\t\t\t\t\t\t<section class=\"elementor-section elementor-top-section elementor-element elementor-element-772747a elementor-section-full_width elementor-section-stretched elementor-section-height-default elementor-section-height-default\" data-id=\"772747a\" data-element_type=\"section\" data-settings=\"{&quot;stretch_section&quot;:&quot;section-stretched&quot;}\">\n\t\t\t\t\t\t<div class=\"elementor-container elementor-column-gap-default\">\n\t\t\t\t\t<div class=\"elementor-column elementor-col-100 elementor-top-column elementor-element elementor-element-0c5b27b\" data-id=\"0c5b27b\" data-element_type=\"column\">\n\t\t\t<div class=\"elementor-widget-wrap elementor-element-populated\">\n\t\t\t\t\t\t<div class=\"elementor-element elementor-element-dc912c2 elementor-widget elementor-widget-heading\" data-id=\"dc912c2\" data-element_type=\"widget\" data-widget_type=\"heading.default\">\n\t\t\t\t\t<h2 class=\"elementor-heading-title elementor-size-default\">MI CUENTA<br>\nCARATI<\/h2>\t\t\t\t<\/div>\n\t\t\t\t<div class=\"elementor-element elementor-element-9bc9e11 e-my-account-tabs-vertical elementor-widget elementor-widget-woocommerce-my-account\" data-id=\"9bc9e11\" data-element_type=\"widget\" data-widget_type=\"woocommerce-my-account.default\">\n\t\t\t\t\t<div class=\"e-my-account-tab e-my-account-tab__ \">\t\t\t<div class=\"woocommerce\"><\/div>\t\t<\/div>\n\t\t\t\t\t\t<\/div>\n\t\t\t\t\t<\/div>\n\t\t<\/div>\n\t\t\t\t\t<\/div>\n\t\t<\/section>\n\t\t\t\t<\/div>\n\t\t","protected":false},"excerpt":{"rendered":"<p>MI CUENTA CARATI Panel principal Pedidos Descargas Direcciones Detalles de la cuenta Cerrar sesi\u00f3n Hola carati@XEwL19F5nyH (\u00bfno eres carati@XEwL19F5nyH? Cerrar sesi\u00f3n) Desde el escritorio de tu cuenta puedes ver tus pedidos recientes, gestionar tus direcciones de env\u00edo y facturaci\u00f3n y editar tu contrase\u00f1a y los detalles de tu cuenta.<\/p>\n","protected":false},"author":1,"featured_media":0,"parent":0,"menu_order":0,"comment_status":"closed","ping_status":"closed","template":"","meta":{"_acf_changed":false,"footnotes":""},"class_list":["post-12","page","type-page","status-publish","hentry"],"acf":[],"_links":{"self":[{"href":"https:\/\/testingweb.biz\/carati\/wp-json\/wp\/v2\/pages\/12","targetHints":{"allow":["GET"]}}],"collection":[{"href":"https:\/\/testingweb.biz\/carati\/wp-json\/wp\/v2\/pages"}],"about":[{"href":"https:\/\/testingweb.biz\/carati\/wp-json\/wp\/v2\/types\/page"}],"author":[{"embeddable":true,"href":"https:\/\/testingweb.biz\/carati\/wp-json\/wp\/v2\/users\/1"}],"replies":[{"embeddable":true,"href":"https:\/\/testingweb.biz\/carati\/wp-json\/wp\/v2\/comments?post=12"}],"version-history":[{"count":36,"href":"https:\/\/testingweb.biz\/carati\/wp-json\/wp\/v2\/pages\/12\/revisions"}],"predecessor-version":[{"id":1517,"href":"https:\/\/testingweb.biz\/carati\/wp-json\/wp\/v2\/pages\/12\/revisions\/1517"}],"wp:attachment":[{"href":"https:\/\/testingweb.biz\/carati\/wp-json\/wp\/v2\/media?parent=12"}],"curies":[{"name":"wp","href":"https:\/\/api.w.org\/{rel}","templated":true}]}}