{"id":1002,"date":"2024-11-27T19:18:24","date_gmt":"2024-11-27T18:18:24","guid":{"rendered":"https:\/\/testingweb.biz\/carati\/?page_id=1002"},"modified":"2025-04-29T21:03:17","modified_gmt":"2025-04-29T19:03:17","slug":"politica-de-cambio-y-devoluciones","status":"publish","type":"page","link":"https:\/\/testingweb.biz\/carati\/politica-de-cambio-y-devoluciones\/","title":{"rendered":"Pol\u00edtica de cambio y devoluciones"},"content":{"rendered":"\t\t<div data-elementor-type=\"wp-page\" data-elementor-id=\"1002\" class=\"elementor elementor-1002\" data-elementor-post-type=\"page\">\n\t\t\t\t\t\t<section class=\"elementor-section elementor-top-section elementor-element elementor-element-f2d3200 elementor-section-full_width elementor-section-stretched elementor-section-height-default elementor-section-height-default\" data-id=\"f2d3200\" data-element_type=\"section\" data-settings=\"{&quot;stretch_section&quot;:&quot;section-stretched&quot;}\">\n\t\t\t\t\t\t<div class=\"elementor-container elementor-column-gap-default\">\n\t\t\t\t\t<div class=\"elementor-column elementor-col-100 elementor-top-column elementor-element elementor-element-19bc2c9\" data-id=\"19bc2c9\" data-element_type=\"column\">\n\t\t\t<div class=\"elementor-widget-wrap elementor-element-populated\">\n\t\t\t\t\t\t<div class=\"elementor-element elementor-element-70a8493 elementor-widget elementor-widget-heading\" data-id=\"70a8493\" data-element_type=\"widget\" data-widget_type=\"heading.default\">\n\t\t\t\t\t<h2 class=\"elementor-heading-title elementor-size-default\">POL\u00cdTICAS DE \nCAMBIOS\nY DEVOLUCIONES<\/h2>\t\t\t\t<\/div>\n\t\t\t\t\t<\/div>\n\t\t<\/div>\n\t\t\t\t\t<\/div>\n\t\t<\/section>\n\t\t\t\t<section class=\"elementor-section elementor-top-section elementor-element elementor-element-016c339 elementor-section-full_width elementor-section-stretched elementor-section-height-default elementor-section-height-default\" data-id=\"016c339\" data-element_type=\"section\" data-settings=\"{&quot;stretch_section&quot;:&quot;section-stretched&quot;}\">\n\t\t\t\t\t\t<div class=\"elementor-container elementor-column-gap-default\">\n\t\t\t\t\t<div class=\"elementor-column elementor-col-100 elementor-top-column elementor-element elementor-element-4c9907b\" data-id=\"4c9907b\" data-element_type=\"column\">\n\t\t\t<div class=\"elementor-widget-wrap elementor-element-populated\">\n\t\t\t\t\t\t<div class=\"elementor-element elementor-element-e61b8ef elementor-widget elementor-widget-text-editor\" data-id=\"e61b8ef\" data-element_type=\"widget\" data-widget_type=\"text-editor.default\">\n\t\t\t\t\t\t\t\t\t<p dir=\"ltr\">Todos nuestros productos que no se hayan especificado que se ofertan en el estado en que se encuentran o que no cuentan con garant\u00eda o que son producto de un sorteo, podr\u00e1n ser objeto de devoluci\u00f3n en un plazo que no podr\u00e1 exceder de quince (15) d\u00edas naturales, computados desde el d\u00eda siguiente de su correspondiente recepci\u00f3n.<\/p><p dir=\"ltr\">Si los productos objeto de devoluci\u00f3n han sido manipulados, modificados parcial o totalmente, sustituidos, por personas ajenas a CARATI, perder\u00e1n de forma autom\u00e1tica el derecho de devoluci\u00f3n, no obstante encontrarse dentro del plazo antes se\u00f1alado.<\/p><p dir=\"ltr\">Las devoluciones deber\u00e1 realizarlas directamente el adquirente de nuestros productos en nuestras oficinas.\u00a0 Tambi\u00e9n podr\u00e1n realizar las devoluciones terceras personas, siempre que cuenten con poder suficiente, debidamente otorgado por el adquirente directo de nuestros productos.<\/p><p dir=\"ltr\">CARATI ofrece sus distintos productos y\/o servicios a trav\u00e9s de la presente plataforma, los mismos que pueden estar sujetos a determinadas limitaciones respecto al n\u00famero de unidades, descuentos, estado, disponibilidad, plazos para solicitar cambios, etc.<\/p><p dir=\"ltr\">Asimismo, las fotograf\u00edas y\/o vistas de nuestros productos son lo m\u00e1s cercano posible a la realidad, tal como lo permitan los factores t\u00e9cnicos, motivo por el cual las mismas deben tomarse como simples referencias, ya que ello no s\u00f3lo depende de nuestra p\u00e1gina web, sino, tambi\u00e9n, de la calidad y caracter\u00edsticas de los dispositivos digitales que utiliza el receptor.<\/p><p dir=\"ltr\">Por otro lado, es derecho de CARATI el poder variar las condiciones de oferta de sus productos y\/o servicios, as\u00ed como de suspender y\/o descontinuar los mismos, sin adquirir responsabilidad de naturaleza alguna.<\/p><p dir=\"ltr\">Para mayor informaci\u00f3n, comun\u00edcate con nosotros al tel\u00e9fono\u00a0981 683 637 o env\u00edanos un email a contacto@caratijoyeria.com.<\/p>\t\t\t\t\t\t\t\t<\/div>\n\t\t\t\t\t<\/div>\n\t\t<\/div>\n\t\t\t\t\t<\/div>\n\t\t<\/section>\n\t\t\t\t<\/div>\n\t\t","protected":false},"excerpt":{"rendered":"<p>POL\u00cdTICAS DE CAMBIOS Y DEVOLUCIONES Todos nuestros productos que no se hayan especificado que se ofertan en el estado en que se encuentran o que no cuentan con garant\u00eda o que son producto de un sorteo, podr\u00e1n ser objeto de devoluci\u00f3n en un plazo que no podr\u00e1 exceder de quince (15) d\u00edas naturales, computados desde [&hellip;]<\/p>\n","protected":false},"author":1,"featured_media":0,"parent":0,"menu_order":0,"comment_status":"closed","ping_status":"closed","template":"","meta":{"_acf_changed":false,"footnotes":""},"class_list":["post-1002","page","type-page","status-publish","hentry"],"acf":[],"_links":{"self":[{"href":"https:\/\/testingweb.biz\/carati\/wp-json\/wp\/v2\/pages\/1002","targetHints":{"allow":["GET"]}}],"collection":[{"href":"https:\/\/testingweb.biz\/carati\/wp-json\/wp\/v2\/pages"}],"about":[{"href":"https:\/\/testingweb.biz\/carati\/wp-json\/wp\/v2\/types\/page"}],"author":[{"embeddable":true,"href":"https:\/\/testingweb.biz\/carati\/wp-json\/wp\/v2\/users\/1"}],"replies":[{"embeddable":true,"href":"https:\/\/testingweb.biz\/carati\/wp-json\/wp\/v2\/comments?post=1002"}],"version-history":[{"count":13,"href":"https:\/\/testingweb.biz\/carati\/wp-json\/wp\/v2\/pages\/1002\/revisions"}],"predecessor-version":[{"id":2801,"href":"https:\/\/testingweb.biz\/carati\/wp-json\/wp\/v2\/pages\/1002\/revisions\/2801"}],"wp:attachment":[{"href":"https:\/\/testingweb.biz\/carati\/wp-json\/wp\/v2\/media?parent=1002"}],"curies":[{"name":"wp","href":"https:\/\/api.w.org\/{rel}","templated":true}]}}